{"id":7,"date":"2021-07-13T13:12:29","date_gmt":"2021-07-13T13:12:29","guid":{"rendered":"https:\/\/preview.maikelamelia.com\/?page_id=7"},"modified":"2021-08-13T12:54:41","modified_gmt":"2021-08-13T12:54:41","slug":"inicio","status":"publish","type":"page","link":"https:\/\/preview.maikelamelia.com\/","title":{"rendered":"Inicio"},"content":{"rendered":"<p>[et_pb_section fb_built=&#8221;1&#8243; module_id=&#8221;bio&#8221; _builder_version=&#8221;4.8.1&#8243; _module_preset=&#8221;default&#8221; background_color=&#8221;rgba(242,242,242,0.42)&#8221;][et_pb_row column_structure=&#8221;1_2,1_2&#8243; _builder_version=&#8221;4.8.1&#8243; _module_preset=&#8221;default&#8221;][et_pb_column type=&#8221;1_2&#8243; _builder_version=&#8221;4.8.1&#8243; _module_preset=&#8221;default&#8221;][et_pb_video src=&#8221;https:\/\/www.youtube.com\/watch?v=NpEaa2P7qZI&#8221; _builder_version=&#8221;4.9.10&#8243; _module_preset=&#8221;default&#8221; box_shadow_style=&#8221;preset4&#8243; box_shadow_color=&#8221;#714ea8&#8243;][\/et_pb_video][\/et_pb_column][et_pb_column type=&#8221;1_2&#8243; _builder_version=&#8221;4.8.1&#8243; _module_preset=&#8221;default&#8221;][et_pb_text _builder_version=&#8221;4.8.1&#8243; _module_preset=&#8221;default&#8221; header_2_font=&#8221;|300|||||||&#8221; header_2_text_align=&#8221;center&#8221; header_2_font_size=&#8221;35px&#8221; custom_margin=&#8221;16px|||||&#8221;]<\/p>\n<h2>Bio<\/h2>\n<p>[\/et_pb_text][et_pb_text _builder_version=&#8221;4.9.10&#8243; _module_preset=&#8221;default&#8221;]<\/p>\n<p>Desde muy joven se vincul\u00f3 a la radio, laborando en programas de la emisora de su ciudad natal Radio Granma. Durante sus a\u00f1os de carrera ha incursionado en todas las facetas de las artes esc\u00e9nicas. Form\u00f3 parte del Grupo de Teatro ATEGUA, del Grupo de Teatro Alas, del Conjunto Teatral Dram\u00e1tico de Granma y el Grupo de Teatro Cimarr\u00f3n. Ha trabajado tanto para el cine como para la televisi\u00f3n. Su primera producci\u00f3n a nivel nacional fue la telenovela Aqu\u00ed estamos en la que interpret\u00f3 un peque\u00f1o personaje (Katia), y m\u00e1s tarde en Santa Mar\u00eda del Porvenir (Mar\u00eda Fernanda) tuvo su primer protag\u00f3nico. La encontramos tambi\u00e9n formando parte del elenco en algunas otras producciones como La otra esquina (Marcia) y En tiempos de amar (Laura).<\/p>\n<p>En los \u00faltimos tiempos se ha convertido en una actriz muy cercana al p\u00fablico por su presencia en el popular policiaco Tras la huella, donde da vida al personaje de la Mayor Luc\u00eda. En el cine ha sido parte del elenco de producciones como Los Pr\u00f3ceres (2010), Clara no es un nombre de mujer (2012), Y sin embargo (2012), Un hombre nuevo (2014), La Emboscada (2015), Bailando con Margot (2015), Lois (2015), Los buenos demonios (2017) y Piel Canela (2019). Tambi\u00e9n escribi\u00f3 y dirigi\u00f3 el corto documental El silencio del Desamor, menci\u00f3n en la Muestra Joven del ICAIC.<\/p>\n<p>[\/et_pb_text][\/et_pb_column][\/et_pb_row][\/et_pb_section][et_pb_section fb_built=&#8221;1&#8243; prev_background_color=&#8221;rgba(242,242,242,0.42)&#8221; module_id=&#8221;carrera&#8221; _builder_version=&#8221;4.8.1&#8243; _module_preset=&#8221;default&#8221; custom_padding=&#8221;85px||2px|||&#8221; top_divider_style=&#8221;asymmetric&#8221;][et_pb_row _builder_version=&#8221;4.8.1&#8243; _module_preset=&#8221;default&#8221;][et_pb_column type=&#8221;4_4&#8243; _builder_version=&#8221;4.8.1&#8243; _module_preset=&#8221;default&#8221;][et_pb_text _builder_version=&#8221;4.8.1&#8243; _module_preset=&#8221;default&#8221; header_2_font=&#8221;|300|||||||&#8221; header_2_text_align=&#8221;center&#8221; header_2_font_size=&#8221;35px&#8221;]<\/p>\n<h2>Carrera<\/h2>\n<p>[\/et_pb_text][\/et_pb_column][\/et_pb_row][et_pb_row column_structure=&#8221;3_5,2_5&#8243; use_custom_gutter=&#8221;on&#8221; gutter_width=&#8221;1&#8243; make_equal=&#8221;on&#8221; _builder_version=&#8221;4.8.1&#8243; _module_preset=&#8221;default&#8221; width_tablet=&#8221;&#8221; width_phone=&#8221;100%&#8221; width_last_edited=&#8221;on|phone&#8221; border_color_all=&#8221;#714ea8&#8243;][et_pb_column type=&#8221;3_5&#8243; module_class=&#8221;cd-center-content&#8221; _builder_version=&#8221;4.8.1&#8243; _module_preset=&#8221;default&#8221; background_color=&#8221;#714ea8&#8243; custom_padding=&#8221;30px|30px|30px|30px|true|true&#8221; custom_padding_phone=&#8221;10px|10px|10px|10px|true|true&#8221; custom_padding_last_edited=&#8221;off|phone&#8221; box_shadow_style=&#8221;preset4&#8243; box_shadow_horizontal=&#8221;-25px&#8221; box_shadow_vertical=&#8221;-25px&#8221; box_shadow_color=&#8221;rgba(113,78,168,0.06)&#8221; box_shadow_color_tablet=&#8221;&#8221; box_shadow_color_phone=&#8221;#FFFFFF&#8221; box_shadow_color_last_edited=&#8221;on|tablet&#8221;][et_pb_text _builder_version=&#8221;4.8.1&#8243; _module_preset=&#8221;default&#8221; header_3_font=&#8221;|700||on|||||&#8221; header_3_text_align=&#8221;center&#8221; header_3_text_color=&#8221;#FFFFFF&#8221; custom_margin=&#8221;||8px|||&#8221;]<\/p>\n<h3>Cine<\/h3>\n<p>[\/et_pb_text][et_pb_text _builder_version=&#8221;4.8.1&#8243; _module_preset=&#8221;default&#8221; text_text_color=&#8221;#FFFFFF&#8221;]<\/p>\n<ul>\n<li>2019. <em>Piel Canela<\/em>. Dir.\u00a0<span>Michell Salcedo.\u00a0<\/span>EE.UU &#8211; Cuba.<\/li>\n<li>2017. <em>Nido de Mantis<\/em>. Dir.\u00a0<span>Arturo Sotto. Cuba.<\/span><\/li>\n<li><span>2017. <em>Los buenos demonios<\/em>. Dir.\u00a0Gerardo Chijona. Cuba.<\/span><\/li>\n<li><span>2015. <em>Louis<\/em>. Dir. Yassel Iglesias. EE.UU &#8211; Cuba.<\/span><\/li>\n<li><span>2015. <em>Bailando con Margot<\/em>. Dir.\u00a0Arturo Santana. Cuba-Venezuela.<\/span><\/li>\n<li><span>2014. <em>La secta<\/em>. Dir.\u00a0Oleg Fesenko. Rusia-Cuba.<\/span><\/li>\n<li><span>2012. <em>La emboscada<\/em>. Dir.\u00a0Alejandro Gil. Cuba.<\/span><\/li>\n<li><span>2012. <em>Y sin embargo<\/em>. Dir.\u00a0Rudy Mora. Cuba.<\/span><\/li>\n<li><span>2012. <em>Clara no es nombre de mujer<\/em>. Dir. Pepe Carbajo. Cuba &#8211; Espa\u00f1a.<\/span><\/li>\n<li><span>2010.\u00a0<em>Los Pr\u00f3ceres: San Martin<\/em>. Dir.\u00a0Alejandro Gil. Cuba- Venezuela.<\/span><\/li>\n<li><span>2002.\u00a0<em>El silencio del Desamor<\/em>. Dir.\u00a0Maikel Amelia Reyes. Cuba.<\/span><\/li>\n<\/ul>\n<p>[\/et_pb_text][\/et_pb_column][et_pb_column type=&#8221;2_5&#8243; _builder_version=&#8221;4.8.1&#8243; _module_preset=&#8221;default&#8221;][et_pb_image src=&#8221;https:\/\/preview.maikelamelia.com\/wp-content\/uploads\/2021\/07\/maikel-amelia-imagen-4.jpg&#8221; alt=&#8221;Carrera en cine&#8221; title_text=&#8221;Carrera en cine&#8221; _builder_version=&#8221;4.8.1&#8243; _module_preset=&#8221;default&#8221; box_shadow_style=&#8221;preset4&#8243; box_shadow_horizontal=&#8221;20px&#8221; box_shadow_vertical=&#8221;20px&#8221; box_shadow_color=&#8221;#3d356d&#8221;][\/et_pb_image][\/et_pb_column][\/et_pb_row][\/et_pb_section][et_pb_section fb_built=&#8221;1&#8243; _builder_version=&#8221;4.8.1&#8243; _module_preset=&#8221;default&#8221; background_color=&#8221;#714ea8&#8243; custom_margin=&#8221;37px|||||&#8221; custom_padding=&#8221;36px|||||&#8221; top_divider_height=&#8221;70px&#8221; top_divider_style_tablet=&#8221;&#8221; top_divider_style_phone=&#8221;none&#8221; top_divider_style_last_edited=&#8221;on|phone&#8221;][et_pb_row column_structure=&#8221;2_5,3_5&#8243; use_custom_gutter=&#8221;on&#8221; gutter_width=&#8221;1&#8243; make_equal=&#8221;on&#8221; _builder_version=&#8221;4.8.1&#8243; _module_preset=&#8221;default&#8221; width_tablet=&#8221;&#8221; width_phone=&#8221;100%&#8221; width_last_edited=&#8221;on|phone&#8221; custom_margin=&#8221;34px|auto||auto||&#8221; custom_margin_tablet=&#8221;&#8221; custom_margin_phone=&#8221;10px|auto||auto|false|false&#8221; custom_margin_last_edited=&#8221;on|phone&#8221; border_color_all=&#8221;#714ea8&#8243;][et_pb_column type=&#8221;2_5&#8243; _builder_version=&#8221;4.8.1&#8243; _module_preset=&#8221;default&#8221;][et_pb_image src=&#8221;https:\/\/preview.maikelamelia.com\/wp-content\/uploads\/2021\/07\/maikel-amelia-television-tras-la-huella.jpg&#8221; alt=&#8221;Personaje Mayor Luc\u00eda en serie Tras La Huella&#8221; title_text=&#8221;Personaje Mayor Luc\u00eda en serie Tras La Huella&#8221; _builder_version=&#8221;4.8.1&#8243; _module_preset=&#8221;default&#8221; box_shadow_style=&#8221;preset4&#8243; box_shadow_horizontal=&#8221;-25px&#8221; box_shadow_vertical=&#8221;-25px&#8221; box_shadow_color=&#8221;#3d356d&#8221;][\/et_pb_image][\/et_pb_column][et_pb_column type=&#8221;3_5&#8243; module_class=&#8221;cd-center-content&#8221; _builder_version=&#8221;4.8.1&#8243; _module_preset=&#8221;default&#8221; background_color=&#8221;#FFFFFF&#8221; custom_padding=&#8221;30px|30px|30px|30px|true|true&#8221; custom_padding_phone=&#8221;10px|10px|10px|10px|true|true&#8221; custom_padding_last_edited=&#8221;off|phone&#8221; box_shadow_style=&#8221;preset4&#8243; box_shadow_horizontal=&#8221;25px&#8221; box_shadow_vertical=&#8221;25px&#8221; box_shadow_color=&#8221;rgba(255,255,255,0.12)&#8221; box_shadow_color_phone=&#8221;rgba(255,255,255,0.33)&#8221; box_shadow_color_last_edited=&#8221;off|phone&#8221;][et_pb_text _builder_version=&#8221;4.8.1&#8243; _module_preset=&#8221;default&#8221; header_3_font=&#8221;|700||on|||||&#8221; header_3_text_align=&#8221;center&#8221; header_3_text_color=&#8221;#333333&#8243; custom_margin=&#8221;||8px|||&#8221;]<\/p>\n<h3>Televisi\u00f3n<\/h3>\n<p>[\/et_pb_text][et_pb_text _builder_version=&#8221;4.8.1&#8243; _module_preset=&#8221;default&#8221; text_text_color=&#8221;#FFFFFF&#8221; ul_text_color=&#8221;#333333&#8243;]<\/p>\n<ul>\n<li>2019. Teleserie <em>Rompiendo el silencio<\/em>.\u00a0<span>Dir. Legna P\u00e9rez Cruzata y Rolando Chiong<\/span>.<\/li>\n<li>2019. Telefilme <em>Azul<\/em>.\u00a0<span>Dir. Pepe Cabrera.<\/span><\/li>\n<li><span>2018. Telefilme\u00a0<em>Promesas<\/em>.\u00a0Dir. Mirtha Gonz\u00e1lez.<\/span><\/li>\n<li><span>2017. Telenovela <em>En tiempos de Amar<\/em>. Dir. Ernesto Fiallo, Roberto D\u00edaz y Julio Cesar Ram\u00edrez.<\/span><\/li>\n<li><span>2015-actualidad. Serie policiaca <em>Tras La Huella<\/em>. Varios directores.<\/span><\/li>\n<li><span>2014. Telefilme\u00a0<em>El viaje<\/em>. Dir. Roberto Diaz.<\/span><\/li>\n<li><span>2014. Telenovela <em>La otra esquina<\/em>.\u00a0Dir. Ernesto Fiallo.<\/span><\/li>\n<li><span>2012. Telefilme\u00a0<em>Recomenzar<\/em>. Dir. Marta Recio.<\/span><\/li>\n<li><span>2011. Telenovela <em>Santa Mar\u00eda del Porvenir<\/em>. Dir.\u00a0Rolando Chiong.<\/span><\/li>\n<li><span>2010. Telenovela <em>Aqu\u00ed estamos<\/em>.\u00a0Dir. Rafael \u201cCheito\u201d Gonz\u00e1lez \u00a0y Hugo Reyes.<\/span><\/li>\n<li><span>2004. Programa infantil\u00a0<em>El patio de Gabriela<\/em>. Dir. Hugo Edelquis.<\/span><\/li>\n<li><span>2003.\u00a0<em>Magda el mar y el viento.<\/em>\u00a0Dir. Francisco Rosabal.<\/span><\/li>\n<li><span>2002. Telefilme\u00a0<em>La Promesa.\u00a0<\/em>\u00a0Dir. Roger Carballoso<\/span><\/li>\n<\/ul>\n<p>[\/et_pb_text][\/et_pb_column][\/et_pb_row][\/et_pb_section][et_pb_section fb_built=&#8221;1&#8243; module_id=&#8221;galeria&#8221; _builder_version=&#8221;4.8.1&#8243; _module_preset=&#8221;default&#8221;][et_pb_row _builder_version=&#8221;4.8.1&#8243; _module_preset=&#8221;default&#8221;][et_pb_column type=&#8221;4_4&#8243; _builder_version=&#8221;4.8.1&#8243; _module_preset=&#8221;default&#8221;][et_pb_text _builder_version=&#8221;4.8.1&#8243; _module_preset=&#8221;default&#8221; header_2_font=&#8221;|300|||||||&#8221; header_2_text_align=&#8221;center&#8221; header_2_font_size=&#8221;35px&#8221; custom_margin=&#8221;15px||63px|||&#8221;]<\/p>\n<h2>Galer\u00eda<\/h2>\n<p>[\/et_pb_text][dss_masonry_gallery images=&#8221;215,227,217,218,233,234,220,223,236,224,225,240,216,219,226,229,222,230,231,232,235,228,237,238,239&#8243; _builder_version=&#8221;4.8.1&#8243; _module_preset=&#8221;default&#8221;][\/dss_masonry_gallery][\/et_pb_column][\/et_pb_row][\/et_pb_section][et_pb_section fb_built=&#8221;1&#8243; _builder_version=&#8221;4.8.1&#8243; _module_preset=&#8221;default&#8221; background_color=&#8221;#3d356d&#8221; custom_padding=&#8221;20px||20px||true|false&#8221;][et_pb_row column_structure=&#8221;3_4,1_4&#8243; _builder_version=&#8221;4.8.1&#8243; _module_preset=&#8221;default&#8221;][et_pb_column type=&#8221;3_4&#8243; _builder_version=&#8221;4.8.1&#8243; _module_preset=&#8221;default&#8221;][et_pb_text _builder_version=&#8221;4.8.1&#8243; _module_preset=&#8221;default&#8221; text_font=&#8221;Playfair Display||on||||||&#8221; text_text_color=&#8221;#FFFFFF&#8221; text_font_size=&#8221;25px&#8221; text_line_height=&#8221;1.3em&#8221; text_orientation=&#8221;center&#8221;]<\/p>\n<p>\u201cActuando lo disfruto todo: el riesgo, el miedo, lo incierto, la presi\u00f3n\u201d<\/p>\n<p>[\/et_pb_text][\/et_pb_column][et_pb_column type=&#8221;1_4&#8243; _builder_version=&#8221;4.8.1&#8243; _module_preset=&#8221;default&#8221;][et_pb_button button_url=&#8221;#contacto&#8221; button_text=&#8221;CONTACTO&#8221; button_alignment=&#8221;center&#8221; _builder_version=&#8221;4.8.1&#8243; _module_preset=&#8221;default&#8221; custom_button=&#8221;on&#8221; button_text_size=&#8221;16px&#8221; button_text_color=&#8221;#FFFFFF&#8221; button_bg_color=&#8221;rgba(255,255,255,0.1)&#8221; button_border_width=&#8221;0px&#8221; button_border_radius=&#8221;40px&#8221;][\/et_pb_button][\/et_pb_column][\/et_pb_row][\/et_pb_section][et_pb_section fb_built=&#8221;1&#8243; next_background_color=&#8221;#ffffff&#8221; module_id=&#8221;prensa&#8221; _builder_version=&#8221;4.9.10&#8243; _module_preset=&#8221;default&#8221; background_color=&#8221;#fafafa&#8221; custom_padding=&#8221;||||false|false&#8221; bottom_divider_style=&#8221;asymmetric3&#8243; hover_enabled=&#8221;0&#8243; sticky_enabled=&#8221;0&#8243;][et_pb_row _builder_version=&#8221;4.8.1&#8243; _module_preset=&#8221;default&#8221;][et_pb_column type=&#8221;4_4&#8243; _builder_version=&#8221;4.8.1&#8243; _module_preset=&#8221;default&#8221;][et_pb_text _builder_version=&#8221;4.9.10&#8243; _module_preset=&#8221;default&#8221; header_2_font=&#8221;|300|||||||&#8221; header_2_text_align=&#8221;center&#8221; header_2_font_size=&#8221;35px&#8221; custom_margin=&#8221;17px||67px|||&#8221; hover_enabled=&#8221;0&#8243; sticky_enabled=&#8221;0&#8243;]<\/p>\n<h2>Prensa<\/h2>\n<p>[\/et_pb_text][dgbm_blog_module posts_number=&#8221;3&#8243; show_categories=&#8221;off&#8221; show_author=&#8221;off&#8221; show_more=&#8221;on&#8221; read_more_text=&#8221;Leer m\u00e1s&#8221; layout=&#8221;masonry&#8221; button_alignment=&#8221;center&#8221; button_bg_color=&#8221;#714ea8&#8243; container_padding=&#8221;||||false|false&#8221; article_margin=&#8221;||||false|false&#8221; article_padding=&#8221;||||false|false&#8221; content_padding=&#8221;20px|10px|10px|10px|false|true&#8221; text_margin=&#8221;15px||||false|false&#8221; button_margin=&#8221;25px||25px||true|false&#8221; button_padding=&#8221;10px|10px|10px|10px|true|true&#8221; _builder_version=&#8221;4.9.10&#8243; _module_preset=&#8221;default&#8221; title_font=&#8221;|700|||||||&#8221; title_text_color=&#8221;#714ea8&#8243; title_font_size=&#8221;22px&#8221; content_font=&#8221;|300|||||||&#8221; read_more_text_color=&#8221;#FFFFFF&#8221; pagination_text_align=&#8221;center&#8221; date_font=&#8221;|300|||||||&#8221; date_text_color=&#8221;#714ea8&#8243; background_color=&#8221;#FFFFFF&#8221; hover_enabled=&#8221;0&#8243; border_radii_read_more=&#8221;on|20px|20px|20px|20px&#8221; border_radii_post_item=&#8221;on|5px|5px|5px|5px&#8221; box_shadow_style_container=&#8221;preset1&#8243; locked=&#8221;off&#8221; sticky_enabled=&#8221;0&#8243; show_pagination=&#8221;off&#8221;][\/dgbm_blog_module][et_pb_button button_url=&#8221;@ET-DC@eyJkeW5hbWljIjp0cnVlLCJjb250ZW50IjoicG9zdF9saW5rX3VybF9wYWdlIiwic2V0dGluZ3MiOnsicG9zdF9pZCI6IjIwMiJ9fQ==@&#8221; button_text=&#8221;VER M\u00c1S ENTRADAS&#8221; button_alignment=&#8221;center&#8221; _builder_version=&#8221;4.8.1&#8243; _dynamic_attributes=&#8221;button_url&#8221; _module_preset=&#8221;default&#8221; custom_button=&#8221;on&#8221; button_text_size=&#8221;15px&#8221; button_bg_color=&#8221;#714EA8&#8243; button_border_width=&#8221;0px&#8221; button_border_radius=&#8221;40px&#8221; background_layout=&#8221;dark&#8221; custom_padding=&#8221;|30px||30px|false|true&#8221;][\/et_pb_button][\/et_pb_column][\/et_pb_row][\/et_pb_section]<\/p>\n","protected":false},"excerpt":{"rendered":"<p>BioDesde muy joven se vincul\u00f3 a la radio, laborando en programas de la emisora de su ciudad natal Radio Granma. Durante sus a\u00f1os de carrera ha incursionado en todas las facetas de las artes esc\u00e9nicas. Form\u00f3 parte del Grupo de Teatro ATEGUA, del Grupo de Teatro Alas, del Conjunto Teatral Dram\u00e1tico de Granma y el [&hellip;]<\/p>\n","protected":false},"author":1,"featured_media":0,"parent":0,"menu_order":0,"comment_status":"closed","ping_status":"closed","template":"","meta":{"_et_pb_use_builder":"on","_et_pb_old_content":"","_et_gb_content_width":"","footnotes":""},"class_list":["post-7","page","type-page","status-publish","hentry"],"_links":{"self":[{"href":"https:\/\/preview.maikelamelia.com\/index.php?rest_route=\/wp\/v2\/pages\/7","targetHints":{"allow":["GET"]}}],"collection":[{"href":"https:\/\/preview.maikelamelia.com\/index.php?rest_route=\/wp\/v2\/pages"}],"about":[{"href":"https:\/\/preview.maikelamelia.com\/index.php?rest_route=\/wp\/v2\/types\/page"}],"author":[{"embeddable":true,"href":"https:\/\/preview.maikelamelia.com\/index.php?rest_route=\/wp\/v2\/users\/1"}],"replies":[{"embeddable":true,"href":"https:\/\/preview.maikelamelia.com\/index.php?rest_route=%2Fwp%2Fv2%2Fcomments&post=7"}],"version-history":[{"count":55,"href":"https:\/\/preview.maikelamelia.com\/index.php?rest_route=\/wp\/v2\/pages\/7\/revisions"}],"predecessor-version":[{"id":273,"href":"https:\/\/preview.maikelamelia.com\/index.php?rest_route=\/wp\/v2\/pages\/7\/revisions\/273"}],"wp:attachment":[{"href":"https:\/\/preview.maikelamelia.com\/index.php?rest_route=%2Fwp%2Fv2%2Fmedia&parent=7"}],"curies":[{"name":"wp","href":"https:\/\/api.w.org\/{rel}","templated":true}]}}